{"id":1036,"date":"2025-01-06T15:29:22","date_gmt":"2025-01-06T15:29:22","guid":{"rendered":"https:\/\/labbaik.com\/produits\/gestion-des-catastrophes-et-reprise-apres-sinistre\/"},"modified":"2025-01-13T12:35:28","modified_gmt":"2025-01-13T12:35:28","slug":"gestion-des-catastrophes-et-reprise-apres-sinistre","status":"publish","type":"page","link":"https:\/\/labbaik.com\/fr\/produits\/gestion-des-catastrophes-et-reprise-apres-sinistre\/","title":{"rendered":"Gestion des catastrophes et reprise apr\u00e8s sinistre"},"content":{"rendered":"\t\t<div data-elementor-type=\"wp-page\" data-elementor-id=\"1036\" class=\"elementor elementor-1036 elementor-582\" data-elementor-post-type=\"page\">\n\t\t\t\t<div class=\"elementor-element elementor-element-2f4d6667 e-flex e-con-boxed e-con e-parent\" data-id=\"2f4d6667\" data-element_type=\"container\" data-settings=\"{&quot;background_background&quot;:&quot;gradient&quot;}\">\n\t\t\t\t\t<div class=\"e-con-inner\">\n\t\t<div class=\"elementor-element elementor-element-1e944b62 e-flex e-con-boxed e-con e-child\" data-id=\"1e944b62\" data-element_type=\"container\">\n\t\t\t\t\t<div class=\"e-con-inner\">\n\t\t\t\t<div class=\"elementor-element elementor-element-3f94f193 elementor-widget elementor-widget-heading\" data-id=\"3f94f193\" data-element_type=\"widget\" data-widget_type=\"heading.default\">\n\t\t\t\t<div class=\"elementor-widget-container\">\n\t\t\t\t\t<h2 class=\"elementor-heading-title elementor-size-default\">Gestion des catastrophes et reprise apr\u00e8s sinistre<\/h2>\t\t\t\t<\/div>\n\t\t\t\t<\/div>\n\t\t\t\t\t<\/div>\n\t\t\t\t<\/div>\n\t\t\t\t\t<\/div>\n\t\t\t\t<\/div>\n\t\t<div class=\"elementor-element elementor-element-6e80a014 e-flex e-con-boxed e-con e-parent\" data-id=\"6e80a014\" data-element_type=\"container\">\n\t\t\t\t\t<div class=\"e-con-inner\">\n\t\t\t\t<div class=\"elementor-element elementor-element-7ad83b7e elementor-widget elementor-widget-n-accordion\" data-id=\"7ad83b7e\" data-element_type=\"widget\" data-settings=\"{&quot;default_state&quot;:&quot;expanded&quot;,&quot;max_items_expended&quot;:&quot;one&quot;,&quot;n_accordion_animation_duration&quot;:{&quot;unit&quot;:&quot;ms&quot;,&quot;size&quot;:400,&quot;sizes&quot;:[]}}\" data-widget_type=\"nested-accordion.default\">\n\t\t\t\t<div class=\"elementor-widget-container\">\n\t\t\t\t\t\t\t<div class=\"e-n-accordion\" aria-label=\"Accordion. Open links with Enter or Space, close with Escape, and navigate with Arrow Keys\">\n\t\t\t\t\t\t<details id=\"e-n-accordion-item-2060\" class=\"e-n-accordion-item\" open>\n\t\t\t\t<summary class=\"e-n-accordion-item-title\" data-accordion-index=\"1\" tabindex=\"0\" aria-expanded=\"true\" aria-controls=\"e-n-accordion-item-2060\" >\n\t\t\t\t\t<span class='e-n-accordion-item-title-header'><div class=\"e-n-accordion-item-title-text\"> Gestion des catastrophes et reprise apr\u00e8s sinistre <\/div><\/span>\n\t\t\t\t\t\t\t<span class='e-n-accordion-item-title-icon'>\n\t\t\t<span class='e-opened' ><svg aria-hidden=\"true\" class=\"e-font-icon-svg e-fab-telegram-plane\" viewBox=\"0 0 448 512\" xmlns=\"http:\/\/www.w3.org\/2000\/svg\"><path d=\"M446.7 98.6l-67.6 318.8c-5.1 22.5-18.4 28.1-37.3 17.5l-103-75.9-49.7 47.8c-5.5 5.5-10.1 10.1-20.7 10.1l7.4-104.9 190.9-172.5c8.3-7.4-1.8-11.5-12.9-4.1L117.8 284 16.2 252.2c-22.1-6.9-22.5-22.1 4.6-32.7L418.2 66.4c18.4-6.9 34.5 4.1 28.5 32.2z\"><\/path><\/svg><\/span>\n\t\t\t<span class='e-closed'><svg aria-hidden=\"true\" class=\"e-font-icon-svg e-fas-globe\" viewBox=\"0 0 496 512\" xmlns=\"http:\/\/www.w3.org\/2000\/svg\"><path d=\"M336.5 160C322 70.7 287.8 8 248 8s-74 62.7-88.5 152h177zM152 256c0 22.2 1.2 43.5 3.3 64h185.3c2.1-20.5 3.3-41.8 3.3-64s-1.2-43.5-3.3-64H155.3c-2.1 20.5-3.3 41.8-3.3 64zm324.7-96c-28.6-67.9-86.5-120.4-158-141.6 24.4 33.8 41.2 84.7 50 141.6h108zM177.2 18.4C105.8 39.6 47.8 92.1 19.3 160h108c8.7-56.9 25.5-107.8 49.9-141.6zM487.4 192H372.7c2.1 21 3.3 42.5 3.3 64s-1.2 43-3.3 64h114.6c5.5-20.5 8.6-41.8 8.6-64s-3.1-43.5-8.5-64zM120 256c0-21.5 1.2-43 3.3-64H8.6C3.2 212.5 0 233.8 0 256s3.2 43.5 8.6 64h114.6c-2-21-3.2-42.5-3.2-64zm39.5 96c14.5 89.3 48.7 152 88.5 152s74-62.7 88.5-152h-177zm159.3 141.6c71.4-21.2 129.4-73.7 158-141.6h-108c-8.8 56.9-25.6 107.8-50 141.6zM19.3 352c28.6 67.9 86.5 120.4 158 141.6-24.4-33.8-41.2-84.7-50-141.6h-108z\"><\/path><\/svg><\/span>\n\t\t<\/span>\n\n\t\t\t\t\t\t<\/summary>\n\t\t\t\t<div role=\"region\" aria-labelledby=\"e-n-accordion-item-2060\" class=\"elementor-element elementor-element-4c844ada e-con-full e-flex e-con e-child\" data-id=\"4c844ada\" data-element_type=\"container\">\n\t\t<div role=\"region\" aria-labelledby=\"e-n-accordion-item-2060\" class=\"elementor-element elementor-element-7bd7baec e-flex e-con-boxed e-con e-child\" data-id=\"7bd7baec\" data-element_type=\"container\">\n\t\t\t\t\t<div class=\"e-con-inner\">\n\t\t<div role=\"region\" aria-labelledby=\"e-n-accordion-item-2060\" class=\"elementor-element elementor-element-1e883d9a e-con-full e-flex e-con e-child\" data-id=\"1e883d9a\" data-element_type=\"container\">\n\t\t<div role=\"region\" aria-labelledby=\"e-n-accordion-item-2060\" class=\"elementor-element elementor-element-21560153 e-con-full e-flex e-con e-child\" data-id=\"21560153\" data-element_type=\"container\">\n\t\t\t\t<div class=\"elementor-element elementor-element-303199cb elementor-widget__width-initial elementor-widget elementor-widget-image\" data-id=\"303199cb\" data-element_type=\"widget\" data-widget_type=\"image.default\">\n\t\t\t\t<div class=\"elementor-widget-container\">\n\t\t\t\t\t\t\t\t\t\t\t\t\t\t\t<img fetchpriority=\"high\" decoding=\"async\" width=\"600\" height=\"600\" src=\"https:\/\/labbaik.com\/wp-content\/uploads\/2025\/01\/Disaster-Management-and-Recovery.webp\" class=\"attachment-large size-large wp-image-349\" alt=\"\" srcset=\"https:\/\/labbaik.com\/wp-content\/uploads\/2025\/01\/Disaster-Management-and-Recovery.webp 600w, https:\/\/labbaik.com\/wp-content\/uploads\/2025\/01\/Disaster-Management-and-Recovery-300x300.webp 300w, https:\/\/labbaik.com\/wp-content\/uploads\/2025\/01\/Disaster-Management-and-Recovery-150x150.webp 150w\" sizes=\"(max-width: 600px) 100vw, 600px\" \/>\t\t\t\t\t\t\t\t\t\t\t\t\t\t\t<\/div>\n\t\t\t\t<\/div>\n\t\t<div role=\"region\" aria-labelledby=\"e-n-accordion-item-2060\" class=\"elementor-element elementor-element-15344dab e-con-full e-flex e-con e-child\" data-id=\"15344dab\" data-element_type=\"container\">\n\t\t\t\t<div class=\"elementor-element elementor-element-503a0ac3 elementor-widget elementor-widget-heading\" data-id=\"503a0ac3\" data-element_type=\"widget\" data-widget_type=\"heading.default\">\n\t\t\t\t<div class=\"elementor-widget-container\">\n\t\t\t\t\t<h2 class=\"elementor-heading-title elementor-size-default\">Secours en cas de catastrophe<\/h2>\t\t\t\t<\/div>\n\t\t\t\t<\/div>\n\t\t\t\t<div class=\"elementor-element elementor-element-259bd350 elementor-widget elementor-widget-text-editor\" data-id=\"259bd350\" data-element_type=\"widget\" data-widget_type=\"text-editor.default\">\n\t\t\t\t<div class=\"elementor-widget-container\">\n\t\t\t\t\t\t\t\t\t<strong>Aper\u00e7u<\/strong>:\n<ul>\n <li>Un cadre global pour soutenir les secours et le r\u00e9tablissement apr\u00e8s les catastrophes naturelles.<\/li>\n<\/ul>\n<strong>Caract\u00e9ristiques principales :<\/strong>\n<ul>\n <li>D\u00e9ploiement rapide de syst\u00e8mes de v\u00e9rification des b\u00e9n\u00e9ficiaires.<\/li>\n \t<li>Programmes d\u2019aide financi\u00e8re et de relance de bout en bout.<\/li>\n<\/ul>\t\t\t\t\t\t\t\t<\/div>\n\t\t\t\t<\/div>\n\t\t\t\t<\/div>\n\t\t\t\t<\/div>\n\t\t\t\t<\/div>\n\t\t\t\t\t<\/div>\n\t\t\t\t<\/div>\n\t\t\t\t<\/div>\n\t\t\t\t\t<\/details>\n\t\t\t\t\t<\/div>\n\t\t\t\t\t\t<\/div>\n\t\t\t\t<\/div>\n\t\t\t\t\t<\/div>\n\t\t\t\t<\/div>\n\t\t<div class=\"elementor-element elementor-element-ab42649 e-flex e-con-boxed e-con e-parent\" data-id=\"ab42649\" data-element_type=\"container\">\n\t\t\t\t\t<div class=\"e-con-inner\">\n\t\t\t\t<div class=\"elementor-element elementor-element-918e9b3 e-transform elementor-widget elementor-widget-jkit_button\" data-id=\"918e9b3\" data-element_type=\"widget\" data-settings=\"{&quot;_transform_scale_effect_hover&quot;:{&quot;unit&quot;:&quot;px&quot;,&quot;size&quot;:&quot;0.9&quot;,&quot;sizes&quot;:[]},&quot;_transform_scale_effect_hover_tablet&quot;:{&quot;unit&quot;:&quot;px&quot;,&quot;size&quot;:&quot;&quot;,&quot;sizes&quot;:[]},&quot;_transform_scale_effect_hover_mobile&quot;:{&quot;unit&quot;:&quot;px&quot;,&quot;size&quot;:&quot;&quot;,&quot;sizes&quot;:[]}}\" data-widget_type=\"jkit_button.default\">\n\t\t\t\t<div class=\"elementor-widget-container\">\n\t\t\t\t\t<div  class=\"jeg-elementor-kit jkit-button  icon-position-after jeg_module___69d444888e519\" ><a href=\"https:\/\/labbaik.com\/products\/\" class=\"jkit-button-wrapper\">Voir tous les produits<svg viewBox=\"0 0 448 512\" xmlns=\"http:\/\/www.w3.org\/2000\/svg\"><path d=\"M190.5 66.9l22.2-22.2c9.4-9.4 24.6-9.4 33.9 0L441 239c9.4 9.4 9.4 24.6 0 33.9L246.6 467.3c-9.4 9.4-24.6 9.4-33.9 0l-22.2-22.2c-9.5-9.5-9.3-25 .4-34.3L311.4 296H24c-13.3 0-24-10.7-24-24v-32c0-13.3 10.7-24 24-24h287.4L190.9 101.2c-9.8-9.3-10-24.8-.4-34.3z\"><\/path><\/svg><\/a><\/div>\t\t\t\t<\/div>\n\t\t\t\t<\/div>\n\t\t\t\t\t<\/div>\n\t\t\t\t<\/div>\n\t\t<div class=\"elementor-element elementor-element-cc5c389 e-flex e-con-boxed e-con e-parent\" data-id=\"cc5c389\" data-element_type=\"container\">\n\t\t\t\t\t<div class=\"e-con-inner\">\n\t\t<div class=\"elementor-element elementor-element-b8bfa75 e-flex e-con-boxed e-con e-child\" data-id=\"b8bfa75\" data-element_type=\"container\" data-settings=\"{&quot;background_background&quot;:&quot;gradient&quot;}\">\n\t\t\t\t\t<div class=\"e-con-inner\">\n\t\t<div class=\"elementor-element elementor-element-f6f8675 e-con-full e-flex e-con e-child\" data-id=\"f6f8675\" data-element_type=\"container\">\n\t\t\t\t<div class=\"elementor-element elementor-element-2a91327 elementor-widget elementor-widget-heading\" data-id=\"2a91327\" data-element_type=\"widget\" data-widget_type=\"heading.default\">\n\t\t\t\t<div class=\"elementor-widget-container\">\n\t\t\t\t\t<h2 class=\"elementor-heading-title elementor-size-default\">Rejoindre<\/h2>\t\t\t\t<\/div>\n\t\t\t\t<\/div>\n\t\t\t\t<div class=\"elementor-element elementor-element-846cd56 elementor-widget__width-initial elementor-widget elementor-widget-image\" data-id=\"846cd56\" data-element_type=\"widget\" data-widget_type=\"image.default\">\n\t\t\t\t<div class=\"elementor-widget-container\">\n\t\t\t\t\t\t\t\t\t\t\t\t\t\t\t<img decoding=\"async\" width=\"635\" height=\"82\" src=\"https:\/\/labbaik.com\/wp-content\/uploads\/2025\/01\/logo1.1-e1736150540497.png\" class=\"attachment-large size-large wp-image-474\" alt=\"\" srcset=\"https:\/\/labbaik.com\/wp-content\/uploads\/2025\/01\/logo1.1-e1736150540497.png 635w, https:\/\/labbaik.com\/wp-content\/uploads\/2025\/01\/logo1.1-e1736150540497-300x39.png 300w\" sizes=\"(max-width: 635px) 100vw, 635px\" \/>\t\t\t\t\t\t\t\t\t\t\t\t\t\t\t<\/div>\n\t\t\t\t<\/div>\n\t\t\t\t<\/div>\n\t\t<div class=\"elementor-element elementor-element-79b0450 e-con-full e-flex e-con e-child\" data-id=\"79b0450\" data-element_type=\"container\">\n\t\t\t\t<div class=\"elementor-element elementor-element-d83e04e elementor-widget elementor-widget-heading\" data-id=\"d83e04e\" data-element_type=\"widget\" data-widget_type=\"heading.default\">\n\t\t\t\t<div class=\"elementor-widget-container\">\n\t\t\t\t\t<h2 class=\"elementor-heading-title elementor-size-default\">\u00c0 la t\u00eate de la charge dans la transformation de la gouvernance \u00e9lectronique.<\/h2>\t\t\t\t<\/div>\n\t\t\t\t<\/div>\n\t\t\t\t<div class=\"elementor-element elementor-element-7fb3cbb e-transform elementor-widget elementor-widget-jkit_button\" data-id=\"7fb3cbb\" data-element_type=\"widget\" data-settings=\"{&quot;_transform_scale_effect_hover&quot;:{&quot;unit&quot;:&quot;px&quot;,&quot;size&quot;:&quot;0.9&quot;,&quot;sizes&quot;:[]},&quot;_transform_scale_effect_hover_tablet&quot;:{&quot;unit&quot;:&quot;px&quot;,&quot;size&quot;:&quot;&quot;,&quot;sizes&quot;:[]},&quot;_transform_scale_effect_hover_mobile&quot;:{&quot;unit&quot;:&quot;px&quot;,&quot;size&quot;:&quot;&quot;,&quot;sizes&quot;:[]}}\" data-widget_type=\"jkit_button.default\">\n\t\t\t\t<div class=\"elementor-widget-container\">\n\t\t\t\t\t<div  class=\"jeg-elementor-kit jkit-button  icon-position-after jeg_module__1_69d444888eb36\" ><a href=\"https:\/\/labbaik.com\/contact\/\" class=\"jkit-button-wrapper\">Contactez-nous<svg viewBox=\"0 0 448 512\" xmlns=\"http:\/\/www.w3.org\/2000\/svg\"><path d=\"M190.5 66.9l22.2-22.2c9.4-9.4 24.6-9.4 33.9 0L441 239c9.4 9.4 9.4 24.6 0 33.9L246.6 467.3c-9.4 9.4-24.6 9.4-33.9 0l-22.2-22.2c-9.5-9.5-9.3-25 .4-34.3L311.4 296H24c-13.3 0-24-10.7-24-24v-32c0-13.3 10.7-24 24-24h287.4L190.9 101.2c-9.8-9.3-10-24.8-.4-34.3z\"><\/path><\/svg><\/a><\/div>\t\t\t\t<\/div>\n\t\t\t\t<\/div>\n\t\t\t\t<\/div>\n\t\t\t\t\t<\/div>\n\t\t\t\t<\/div>\n\t\t\t\t\t<\/div>\n\t\t\t\t<\/div>\n\t\t\t\t<\/div>\n\t\t","protected":false},"excerpt":{"rendered":"<p>Gestion des catastrophes et reprise apr\u00e8s sinistre Secours en cas de catastrophe Aper\u00e7u: Un cadre global pour soutenir les secours [&hellip;]<\/p>\n","protected":false},"author":1,"featured_media":0,"parent":1033,"menu_order":0,"comment_status":"closed","ping_status":"closed","template":"","meta":{"site-sidebar-layout":"no-sidebar","site-content-layout":"","ast-site-content-layout":"full-width-container","site-content-style":"default","site-sidebar-style":"default","ast-global-header-display":"","ast-banner-title-visibility":"","ast-main-header-display":"","ast-hfb-above-header-display":"","ast-hfb-below-header-display":"","ast-hfb-mobile-header-display":"","site-post-title":"disabled","ast-breadcrumbs-content":"","ast-featured-img":"disabled","footer-sml-layout":"","theme-transparent-header-meta":"default","adv-header-id-meta":"","stick-header-meta":"","header-above-stick-meta":"","header-main-stick-meta":"","header-below-stick-meta":"","astra-migrate-meta-layouts":"default","ast-page-background-enabled":"default","ast-page-background-meta":{"desktop":{"background-color":"var(--ast-global-color-5)","background-image":"","background-repeat":"repeat","background-position":"center center","background-size":"auto","background-attachment":"scroll","background-type":"","background-media":"","overlay-type":"","overlay-color":"","overlay-opacity":"","overlay-gradient":""},"tablet":{"background-color":"","background-image":"","background-repeat":"repeat","background-position":"center center","background-size":"auto","background-attachment":"scroll","background-type":"","background-media":"","overlay-type":"","overlay-color":"","overlay-opacity":"","overlay-gradient":""},"mobile":{"background-color":"","background-image":"","background-repeat":"repeat","background-position":"center center","background-size":"auto","background-attachment":"scroll","background-type":"","background-media":"","overlay-type":"","overlay-color":"","overlay-opacity":"","overlay-gradient":""}},"ast-content-background-meta":{"desktop":{"background-color":"var(--ast-global-color-4)","background-image":"","background-repeat":"repeat","background-position":"center center","background-size":"auto","background-attachment":"scroll","background-type":"","background-media":"","overlay-type":"","overlay-color":"","overlay-opacity":"","overlay-gradient":""},"tablet":{"background-color":"var(--ast-global-color-4)","background-image":"","background-repeat":"repeat","background-position":"center center","background-size":"auto","background-attachment":"scroll","background-type":"","background-media":"","overlay-type":"","overlay-color":"","overlay-opacity":"","overlay-gradient":""},"mobile":{"background-color":"var(--ast-global-color-4)","background-image":"","background-repeat":"repeat","background-position":"center center","background-size":"auto","background-attachment":"scroll","background-type":"","background-media":"","overlay-type":"","overlay-color":"","overlay-opacity":"","overlay-gradient":""}},"footnotes":""},"class_list":["post-1036","page","type-page","status-publish","hentry"],"yoast_head":"<!-- This site is optimized with the Yoast SEO Premium plugin v23.0 (Yoast SEO v24.2) - https:\/\/yoast.com\/wordpress\/plugins\/seo\/ -->\n<title>Gestion des catastrophes et reprise apr\u00e8s sinistre - Labbaik Global<\/title>\n<meta name=\"robots\" content=\"index, follow, max-snippet:-1, max-image-preview:large, max-video-preview:-1\" \/>\n<link rel=\"canonical\" href=\"https:\/\/labbaik.com\/fr\/produits\/gestion-des-catastrophes-et-reprise-apres-sinistre\/\" \/>\n<meta property=\"og:locale\" content=\"fr_FR\" \/>\n<meta property=\"og:type\" content=\"article\" \/>\n<meta property=\"og:title\" content=\"Gestion des catastrophes et reprise apr\u00e8s sinistre\" \/>\n<meta property=\"og:description\" content=\"Gestion des catastrophes et reprise apr\u00e8s sinistre Secours en cas de catastrophe Aper\u00e7u: Un cadre global pour soutenir les secours [&hellip;]\" \/>\n<meta property=\"og:url\" content=\"https:\/\/labbaik.com\/fr\/produits\/gestion-des-catastrophes-et-reprise-apres-sinistre\/\" \/>\n<meta property=\"og:site_name\" content=\"Labbaik Global\" \/>\n<meta property=\"article:modified_time\" content=\"2025-01-13T12:35:28+00:00\" \/>\n<meta property=\"og:image\" content=\"https:\/\/labbaik.com\/wp-content\/uploads\/2025\/01\/Disaster-Management-and-Recovery.webp\" \/>\n<meta name=\"twitter:card\" content=\"summary_large_image\" \/>\n<meta name=\"twitter:label1\" content=\"Dur\u00e9e de lecture estim\u00e9e\" \/>\n\t<meta name=\"twitter:data1\" content=\"1 minute\" \/>\n<script type=\"application\/ld+json\" class=\"yoast-schema-graph\">{\"@context\":\"https:\/\/schema.org\",\"@graph\":[{\"@type\":\"WebPage\",\"@id\":\"https:\/\/labbaik.com\/fr\/produits\/gestion-des-catastrophes-et-reprise-apres-sinistre\/\",\"url\":\"https:\/\/labbaik.com\/fr\/produits\/gestion-des-catastrophes-et-reprise-apres-sinistre\/\",\"name\":\"Gestion des catastrophes et reprise apr\u00e8s sinistre - Labbaik Global\",\"isPartOf\":{\"@id\":\"https:\/\/labbaik.com\/#website\"},\"primaryImageOfPage\":{\"@id\":\"https:\/\/labbaik.com\/fr\/produits\/gestion-des-catastrophes-et-reprise-apres-sinistre\/#primaryimage\"},\"image\":{\"@id\":\"https:\/\/labbaik.com\/fr\/produits\/gestion-des-catastrophes-et-reprise-apres-sinistre\/#primaryimage\"},\"thumbnailUrl\":\"https:\/\/labbaik.com\/wp-content\/uploads\/2025\/01\/Disaster-Management-and-Recovery.webp\",\"datePublished\":\"2025-01-06T15:29:22+00:00\",\"dateModified\":\"2025-01-13T12:35:28+00:00\",\"breadcrumb\":{\"@id\":\"https:\/\/labbaik.com\/fr\/produits\/gestion-des-catastrophes-et-reprise-apres-sinistre\/#breadcrumb\"},\"inLanguage\":\"fr-FR\",\"potentialAction\":[{\"@type\":\"ReadAction\",\"target\":[\"https:\/\/labbaik.com\/fr\/produits\/gestion-des-catastrophes-et-reprise-apres-sinistre\/\"]}]},{\"@type\":\"ImageObject\",\"inLanguage\":\"fr-FR\",\"@id\":\"https:\/\/labbaik.com\/fr\/produits\/gestion-des-catastrophes-et-reprise-apres-sinistre\/#primaryimage\",\"url\":\"https:\/\/labbaik.com\/wp-content\/uploads\/2025\/01\/Disaster-Management-and-Recovery.webp\",\"contentUrl\":\"https:\/\/labbaik.com\/wp-content\/uploads\/2025\/01\/Disaster-Management-and-Recovery.webp\"},{\"@type\":\"BreadcrumbList\",\"@id\":\"https:\/\/labbaik.com\/fr\/produits\/gestion-des-catastrophes-et-reprise-apres-sinistre\/#breadcrumb\",\"itemListElement\":[{\"@type\":\"ListItem\",\"position\":1,\"name\":\"Home\",\"item\":\"https:\/\/labbaik.com\/fr\/\"},{\"@type\":\"ListItem\",\"position\":2,\"name\":\"Produits\",\"item\":\"https:\/\/labbaik.com\/fr\/produits\/\"},{\"@type\":\"ListItem\",\"position\":3,\"name\":\"Gestion des catastrophes et reprise apr\u00e8s sinistre\"}]},{\"@type\":\"WebSite\",\"@id\":\"https:\/\/labbaik.com\/#website\",\"url\":\"https:\/\/labbaik.com\/\",\"name\":\"Labbaik Global\",\"description\":\"Mise en place de solutions avanc\u00e9es de gouvernement \u00e9lectronique\",\"potentialAction\":[{\"@type\":\"SearchAction\",\"target\":{\"@type\":\"EntryPoint\",\"urlTemplate\":\"https:\/\/labbaik.com\/?s={search_term_string}\"},\"query-input\":{\"@type\":\"PropertyValueSpecification\",\"valueRequired\":true,\"valueName\":\"search_term_string\"}}],\"inLanguage\":\"fr-FR\"}]}<\/script>\n<!-- \/ Yoast SEO Premium plugin. -->","yoast_head_json":{"title":"Gestion des catastrophes et reprise apr\u00e8s sinistre - Labbaik Global","robots":{"index":"index","follow":"follow","max-snippet":"max-snippet:-1","max-image-preview":"max-image-preview:large","max-video-preview":"max-video-preview:-1"},"canonical":"https:\/\/labbaik.com\/fr\/produits\/gestion-des-catastrophes-et-reprise-apres-sinistre\/","og_locale":"fr_FR","og_type":"article","og_title":"Gestion des catastrophes et reprise apr\u00e8s sinistre","og_description":"Gestion des catastrophes et reprise apr\u00e8s sinistre Secours en cas de catastrophe Aper\u00e7u: Un cadre global pour soutenir les secours [&hellip;]","og_url":"https:\/\/labbaik.com\/fr\/produits\/gestion-des-catastrophes-et-reprise-apres-sinistre\/","og_site_name":"Labbaik Global","article_modified_time":"2025-01-13T12:35:28+00:00","og_image":[{"url":"https:\/\/labbaik.com\/wp-content\/uploads\/2025\/01\/Disaster-Management-and-Recovery.webp","type":"","width":"","height":""}],"twitter_card":"summary_large_image","twitter_misc":{"Dur\u00e9e de lecture estim\u00e9e":"1 minute"},"schema":{"@context":"https:\/\/schema.org","@graph":[{"@type":"WebPage","@id":"https:\/\/labbaik.com\/fr\/produits\/gestion-des-catastrophes-et-reprise-apres-sinistre\/","url":"https:\/\/labbaik.com\/fr\/produits\/gestion-des-catastrophes-et-reprise-apres-sinistre\/","name":"Gestion des catastrophes et reprise apr\u00e8s sinistre - Labbaik Global","isPartOf":{"@id":"https:\/\/labbaik.com\/#website"},"primaryImageOfPage":{"@id":"https:\/\/labbaik.com\/fr\/produits\/gestion-des-catastrophes-et-reprise-apres-sinistre\/#primaryimage"},"image":{"@id":"https:\/\/labbaik.com\/fr\/produits\/gestion-des-catastrophes-et-reprise-apres-sinistre\/#primaryimage"},"thumbnailUrl":"https:\/\/labbaik.com\/wp-content\/uploads\/2025\/01\/Disaster-Management-and-Recovery.webp","datePublished":"2025-01-06T15:29:22+00:00","dateModified":"2025-01-13T12:35:28+00:00","breadcrumb":{"@id":"https:\/\/labbaik.com\/fr\/produits\/gestion-des-catastrophes-et-reprise-apres-sinistre\/#breadcrumb"},"inLanguage":"fr-FR","potentialAction":[{"@type":"ReadAction","target":["https:\/\/labbaik.com\/fr\/produits\/gestion-des-catastrophes-et-reprise-apres-sinistre\/"]}]},{"@type":"ImageObject","inLanguage":"fr-FR","@id":"https:\/\/labbaik.com\/fr\/produits\/gestion-des-catastrophes-et-reprise-apres-sinistre\/#primaryimage","url":"https:\/\/labbaik.com\/wp-content\/uploads\/2025\/01\/Disaster-Management-and-Recovery.webp","contentUrl":"https:\/\/labbaik.com\/wp-content\/uploads\/2025\/01\/Disaster-Management-and-Recovery.webp"},{"@type":"BreadcrumbList","@id":"https:\/\/labbaik.com\/fr\/produits\/gestion-des-catastrophes-et-reprise-apres-sinistre\/#breadcrumb","itemListElement":[{"@type":"ListItem","position":1,"name":"Home","item":"https:\/\/labbaik.com\/fr\/"},{"@type":"ListItem","position":2,"name":"Produits","item":"https:\/\/labbaik.com\/fr\/produits\/"},{"@type":"ListItem","position":3,"name":"Gestion des catastrophes et reprise apr\u00e8s sinistre"}]},{"@type":"WebSite","@id":"https:\/\/labbaik.com\/#website","url":"https:\/\/labbaik.com\/","name":"Labbaik Global","description":"Mise en place de solutions avanc\u00e9es de gouvernement \u00e9lectronique","potentialAction":[{"@type":"SearchAction","target":{"@type":"EntryPoint","urlTemplate":"https:\/\/labbaik.com\/?s={search_term_string}"},"query-input":{"@type":"PropertyValueSpecification","valueRequired":true,"valueName":"search_term_string"}}],"inLanguage":"fr-FR"}]}},"_links":{"self":[{"href":"https:\/\/labbaik.com\/fr\/wp-json\/wp\/v2\/pages\/1036","targetHints":{"allow":["GET"]}}],"collection":[{"href":"https:\/\/labbaik.com\/fr\/wp-json\/wp\/v2\/pages"}],"about":[{"href":"https:\/\/labbaik.com\/fr\/wp-json\/wp\/v2\/types\/page"}],"author":[{"embeddable":true,"href":"https:\/\/labbaik.com\/fr\/wp-json\/wp\/v2\/users\/1"}],"replies":[{"embeddable":true,"href":"https:\/\/labbaik.com\/fr\/wp-json\/wp\/v2\/comments?post=1036"}],"version-history":[{"count":0,"href":"https:\/\/labbaik.com\/fr\/wp-json\/wp\/v2\/pages\/1036\/revisions"}],"up":[{"embeddable":true,"href":"https:\/\/labbaik.com\/fr\/wp-json\/wp\/v2\/pages\/1033"}],"wp:attachment":[{"href":"https:\/\/labbaik.com\/fr\/wp-json\/wp\/v2\/media?parent=1036"}],"curies":[{"name":"wp","href":"https:\/\/api.w.org\/{rel}","templated":true}]}}